{"id":136,"date":"2022-04-29T16:14:20","date_gmt":"2022-04-29T16:14:20","guid":{"rendered":"https:\/\/icglcsw.com\/?page_id=136"},"modified":"2025-01-02T03:59:18","modified_gmt":"2025-01-02T03:59:18","slug":"integrative-care-group-lcsw-pllc-3","status":"publish","type":"page","link":"https:\/\/icglcsw.com\/index.php\/https-icglcsw-com\/integrative-care-group-lcsw-pllc-3\/","title":{"rendered":"INTEGRATIVE CARE GROUP LCSW, PLLC"},"content":{"rendered":"\n<h1 class=\"wp-block-heading has-vivid-green-cyan-color has-text-color\"><strong>QUIENES SOMOS<\/strong><\/h1>\n\n\n\n<p class=\"has-medium-font-size\">Integrative Care Group: Es un equipo de trabajadores Sociales con licencia con m\u00e1s de 20 a\u00f1os de experiencia en brindando atenci\u00f3n a Salud Mental con Integridad y Compasi\u00f3n. Nuestra Grupo incluye terapia individual y grupos. Valoraci\u00f3n evaluaci\u00f3n y entrenamiento, consulta y presentaciones en panel. Nuestro objetivo es facilitar el proceso de conexi\u00f3n con un profesional para ayudarle con sus necesidades. Hacia una mejor funcionamiento y satisfacci\u00f3n con su vida.<\/p>\n\n\n\n<div style=\"height:50px\" aria-hidden=\"true\" class=\"wp-block-spacer\"><\/div>\n\n\n\n<p class=\"has-medium-font-size\"><strong>NUESTROS SERVICIOS:<\/strong><\/p>\n\n\n\n<p class=\"has-medium-font-size\">Ofrecemos presentaciones virtuales y en el sitio, entrenamiento, consulta, evaluaci\u00f3n, psicoterapia virtual, aceptamos seguros y tambi\u00e9n ofrecemos una tarifa de escala m\u00f3vil.<\/p>\n\n\n\n<div style=\"height:20px\" aria-hidden=\"true\" class=\"wp-block-spacer\"><\/div>\n\n\n\n<p class=\"has-black-color has-text-color has-medium-font-size\"><\/p>\n\n\n\n<p><\/p>\n\n\n\n<p>Por favor cont\u00e1ctenos para m\u00e1s informaci\u00f3n en <a href=\"mailto:info@icglcsw.com\">info@icglcsw.com<\/a><\/p>\n\n\n\n<div style=\"height:50px\" aria-hidden=\"true\" class=\"wp-block-spacer\"><\/div>\n\n\n\n<p class=\"has-medium-font-size\"><strong>We speak English: <a href=\"https:\/\/icglcsw.com\/\" data-type=\"page\" data-id=\"5\">Please click here for information in English<\/a>.<\/strong><\/p>\n\n\n\n<pre class=\"wp-block-code\"><code>\n<!-- Professional verification provided by Psychology Today --> \n<a href=\"https:\/\/www.psychologytoday.com\/profile\/977777\" class=\"sx-verified-seal\"><\/a> \n<script type=\"text\/javascript\" src=\"https:\/\/member.psychologytoday.com\/verified-seal.js\" data-badge=\"10\" data-id=\"977777\" data-code=\"aHR0cHM6Ly93d3cucHN5Y2hvbG9neXRvZGF5LmNvbS9hcGkvdmVyaWZpZWQtc2VhbC9zZWFscy9bQkFER0VdL3Byb2ZpbGUvW1BST0ZJTEVfSURdP2NhbGxiYWNrPXN4Y2FsbGJhY2s=\"><\/script> \n<!-- End Verification --><\/code><\/pre>\n","protected":false},"excerpt":{"rendered":"<p>QUIENES SOMOS Integrative Care Group: Es un equipo de trabajadores Sociales con licencia con m\u00e1s de 20 a\u00f1os de experiencia en brindando atenci\u00f3n a Salud Mental con Integridad y Compasi\u00f3n. Nuestra Grupo incluye terapia individual y grupos. Valoraci\u00f3n evaluaci\u00f3n y entrenamiento, consulta y presentaciones en panel. Nuestro objetivo es facilitar el proceso de conexi\u00f3n con [&hellip;]<\/p>\n","protected":false},"author":1,"featured_media":0,"parent":5,"menu_order":0,"comment_status":"closed","ping_status":"closed","template":"","meta":{"footnotes":""},"class_list":["post-136","page","type-page","status-publish","hentry"],"_links":{"self":[{"href":"https:\/\/icglcsw.com\/index.php\/wp-json\/wp\/v2\/pages\/136","targetHints":{"allow":["GET"]}}],"collection":[{"href":"https:\/\/icglcsw.com\/index.php\/wp-json\/wp\/v2\/pages"}],"about":[{"href":"https:\/\/icglcsw.com\/index.php\/wp-json\/wp\/v2\/types\/page"}],"author":[{"embeddable":true,"href":"https:\/\/icglcsw.com\/index.php\/wp-json\/wp\/v2\/users\/1"}],"replies":[{"embeddable":true,"href":"https:\/\/icglcsw.com\/index.php\/wp-json\/wp\/v2\/comments?post=136"}],"version-history":[{"count":13,"href":"https:\/\/icglcsw.com\/index.php\/wp-json\/wp\/v2\/pages\/136\/revisions"}],"predecessor-version":[{"id":391,"href":"https:\/\/icglcsw.com\/index.php\/wp-json\/wp\/v2\/pages\/136\/revisions\/391"}],"up":[{"embeddable":true,"href":"https:\/\/icglcsw.com\/index.php\/wp-json\/wp\/v2\/pages\/5"}],"wp:attachment":[{"href":"https:\/\/icglcsw.com\/index.php\/wp-json\/wp\/v2\/media?parent=136"}],"curies":[{"name":"wp","href":"https:\/\/api.w.org\/{rel}","templated":true}]}}